{"id":27,"date":"2021-04-15T15:11:28","date_gmt":"2021-04-15T15:11:28","guid":{"rendered":"https:\/\/taxi-paris-beauvais-aeroport.fr\/?page_id=27"},"modified":"2021-04-15T15:11:29","modified_gmt":"2021-04-15T15:11:29","slug":"politique-de-confidentialite","status":"publish","type":"page","link":"https:\/\/taxi-paris-beauvais-aeroport.fr\/ro\/politique-de-confidentialite","title":{"rendered":"Politica de confiden\u021bialitate"},"content":{"rendered":"<h2 class=\"wp-block-heading\">Cine suntem noi?<\/h2>\n\n\n\n<p>Adresa site-ului nostru este https:\/\/taxi-paris-beauvais-aeroport.fr.<\/p>\n\n\n\n<h2 class=\"wp-block-heading\">Observa\u021bii<\/h2>\n\n\n\n<p>Atunci c\u00e2nd l\u0103sa\u021bi un comentariu pe site-ul nostru, datele introduse \u00een formularul de comentariu, adresa dvs. IP \u0219i agentul de utilizator al browserului dvs. sunt colectate pentru a ne ajuta s\u0103 detect\u0103m comentariile nedorite.<\/p>\n\n\n\n<p>Un \u0219ir anonim creat din adresa dvs. de e-mail (cunoscut \u0219i ca hash) poate fi trimis serviciului Gravatar pentru a verifica dac\u0103 \u00eel utiliza\u021bi. Clauzele de confiden\u021bialitate ale serviciului Gravatar sunt disponibile aici: https:\/\/automattic.com\/privacy\/. Odat\u0103 ce comentariul dvs. a fost validat, fotografia dvs. de profil va fi vizibil\u0103 public al\u0103turi de comentariul dvs.<\/p>\n\n\n\n<h2 class=\"wp-block-heading\">Media<\/h2>\n\n\n\n<p>Dac\u0103 \u00eenc\u0103rca\u021bi imagini pe site, v\u0103 sf\u0103tuim s\u0103 evita\u021bi \u00eenc\u0103rcarea imaginilor care con\u021bin date EXIF de coordonate GPS. Persoanele care v\u0103 viziteaz\u0103 site-ul pot desc\u0103rca \u0219i extrage date de localizare din aceste imagini.<\/p>\n\n\n\n<h2 class=\"wp-block-heading\">Cookie-uri<\/h2>\n\n\n\n<p>Dac\u0103 l\u0103sa\u021bi un comentariu pe site-ul nostru, vi se va cere s\u0103 v\u0103 salva\u021bi numele, adresa de e-mail \u0219i site-ul \u00een cookie-uri. Acest lucru este pur \u0219i simplu pentru confortul dumneavoastr\u0103, astfel \u00eenc\u00e2t s\u0103 nu trebuiasc\u0103 s\u0103 introduce\u021bi aceste informa\u021bii dac\u0103 l\u0103sa\u021bi un alt comentariu ulterior. Aceste module cookie expir\u0103 dup\u0103 un an.<\/p>\n\n\n\n<p>Dac\u0103 accesa\u021bi pagina de conectare, va fi creat un cookie temporar pentru a determina dac\u0103 browserul dvs. accept\u0103 cookie-uri. Acesta nu con\u021bine date personale \u0219i va fi \u0219ters automat atunci c\u00e2nd \u00eenchide\u021bi browserul.<\/p>\n\n\n\n<p>C\u00e2nd v\u0103 conecta\u021bi, vom seta o serie de module cookie pentru a \u00eenregistra informa\u021biile dvs. de conectare \u0219i preferin\u021bele de ecran. Durata de via\u021b\u0103 a unui cookie de conectare este de dou\u0103 zile, iar cea a unui cookie de op\u021biune de ecran este de un an. Dac\u0103 bifa\u021bi \"Aminte\u0219te-\u021bi de mine\", cookie-ul dvs. de conectare va fi p\u0103strat timp de dou\u0103 s\u0103pt\u0103m\u00e2ni. Dac\u0103 v\u0103 deconecta\u021bi de la contul dvs., cookie-ul de conectare va fi \u0219ters.<\/p>\n\n\n\n<p>Prin modificarea sau publicarea unei publica\u021bii, un cookie suplimentar va fi stocat \u00een browserul dumneavoastr\u0103. Acest cookie nu con\u021bine niciun fel de date personale. Acesta indic\u0103 pur \u0219i simplu ID-ul publica\u021biei pe care tocmai a\u021bi modificat-o. Acesta expir\u0103 dup\u0103 o zi.<\/p>\n\n\n\n<h2 class=\"wp-block-heading\">Con\u021binut \u00eencorporat de pe alte site-uri<\/h2>\n\n\n\n<p>Articolele de pe acest site pot include con\u021binut \u00eencorporat (de exemplu, videoclipuri, imagini, articole etc.). Con\u021binutul \u00eencorporat de pe alte site-uri se comport\u0103 \u00een acela\u0219i mod ca \u0219i cum vizitatorul ar vizita acel alt site.<\/p>\n\n\n\n<p>Aceste site-uri web pot colecta date despre dvs., pot utiliza module cookie, pot \u00eencorpora instrumente de urm\u0103rire ter\u021be \u0219i pot urm\u0103ri interac\u021biunile dvs. cu acest con\u021binut \u00eencorporat dac\u0103 ave\u021bi un cont conectat la site-ul lor web.<\/p>\n\n\n\n<h2 class=\"wp-block-heading\">Utilizarea \u0219i transmiterea datelor dumneavoastr\u0103 cu caracter personal<\/h2>\n\n\n\n<p>Dac\u0103 solicita\u021bi o resetare a parolei, adresa dvs. de IP va fi inclus\u0103 \u00een e-mailul de resetare.<\/p>\n\n\n\n<h2 class=\"wp-block-heading\">Perioade de stocare a datelor dumneavoastr\u0103<\/h2>\n\n\n\n<p>Dac\u0103 l\u0103sa\u021bi un comentariu, comentariul \u0219i metadatele acestuia sunt p\u0103strate pe o perioad\u0103 nedeterminat\u0103. Acest lucru permite ca comentariile ulterioare s\u0103 fie recunoscute \u0219i aprobate automat, \u00een loc s\u0103 fie l\u0103sate \u00een coada de moderare.<\/p>\n\n\n\n<p>Pentru conturile care se \u00eenregistreaz\u0103 pe site-ul nostru (acolo unde este cazul), stoc\u0103m, de asemenea, datele personale indicate \u00een profilul acestora. Toate conturile pot vizualiza, modifica sau \u0219terge informa\u021biile lor personale \u00een orice moment (cu excep\u021bia ID-ului de utilizator). De asemenea, administratorii site-ului pot vizualiza \u0219i modifica aceste informa\u021bii.<\/p>\n\n\n\n<h2 class=\"wp-block-heading\">Drepturile pe care le ave\u021bi cu privire la datele dumneavoastr\u0103<\/h2>\n\n\n\n<p>Dac\u0103 ave\u021bi un cont sau dac\u0103 a\u021bi l\u0103sat comentarii pe site, pute\u021bi solicita s\u0103 primi\u021bi un fi\u0219ier con\u021bin\u00e2nd toate datele cu caracter personal pe care le de\u021binem despre dumneavoastr\u0103, inclusiv cele pe care ni le-a\u021bi furnizat. De asemenea, pute\u021bi solicita \u0219tergerea datelor dvs. cu caracter personal. Aceasta nu include datele stocate \u00een scopuri administrative, juridice sau de securitate.<\/p>\n\n\n\n<h2 class=\"wp-block-heading\">Transmiterea datelor dumneavoastr\u0103 cu caracter personal<\/h2>\n\n\n\n<p>Comentariile vizitatorilor pot fi verificate folosind un serviciu automat pentru a detecta comentariile nedorite.<\/p>","protected":false},"excerpt":{"rendered":"<p>Qui sommes-nous&nbsp;? L\u2019adresse de notre site est\u00a0: https:\/\/taxi-paris-beauvais-aeroport.fr. Commentaires Quand vous laissez un commentaire sur notre site, les donn\u00e9es inscrites dans le formulaire de commentaire, mais aussi votre adresse IP et l\u2019agent utilisateur de votre navigateur sont collect\u00e9s pour nous aider \u00e0 la d\u00e9tection des commentaires ind\u00e9sirables. Une cha\u00eene anonymis\u00e9e cr\u00e9\u00e9e \u00e0 partir de votre [&hellip;]<\/p>\n","protected":false},"author":1,"featured_media":0,"parent":0,"menu_order":0,"comment_status":"closed","ping_status":"closed","template":"","meta":{"footnotes":""},"class_list":["post-27","page","type-page","status-publish","hentry"],"yoast_head":"<!-- This site is optimized with the Yoast SEO plugin v27.3 - https:\/\/yoast.com\/product\/yoast-seo-wordpress\/ -->\n<title>Politique de confidentialit\u00e9 - Taxi Beauvais Paris<\/title>\n<meta name=\"robots\" content=\"index, follow, max-snippet:-1, max-image-preview:large, max-video-preview:-1\" \/>\n<link rel=\"canonical\" href=\"https:\/\/taxi-paris-beauvais-aeroport.fr\/ro\/politique-de-confidentialite\" \/>\n<meta property=\"og:locale\" content=\"ro_RO\" \/>\n<meta property=\"og:type\" content=\"article\" \/>\n<meta property=\"og:title\" content=\"Politique de confidentialit\u00e9 - Taxi Beauvais Paris\" \/>\n<meta property=\"og:description\" content=\"Qui sommes-nous&nbsp;? L\u2019adresse de notre site est\u00a0: https:\/\/taxi-paris-beauvais-aeroport.fr. Commentaires Quand vous laissez un commentaire sur notre site, les donn\u00e9es inscrites dans le formulaire de commentaire, mais aussi votre adresse IP et l\u2019agent utilisateur de votre navigateur sont collect\u00e9s pour nous aider \u00e0 la d\u00e9tection des commentaires ind\u00e9sirables. Une cha\u00eene anonymis\u00e9e cr\u00e9\u00e9e \u00e0 partir de votre [&hellip;]\" \/>\n<meta property=\"og:url\" content=\"https:\/\/taxi-paris-beauvais-aeroport.fr\/ro\/politique-de-confidentialite\" \/>\n<meta property=\"og:site_name\" content=\"Taxi Beauvais Paris\" \/>\n<meta property=\"article:modified_time\" content=\"2021-04-15T15:11:29+00:00\" \/>\n<meta name=\"twitter:card\" content=\"summary_large_image\" \/>\n<meta name=\"twitter:label1\" content=\"Timp estimat pentru citire\" \/>\n\t<meta name=\"twitter:data1\" content=\"4 minute\" \/>\n<script type=\"application\/ld+json\" class=\"yoast-schema-graph\">{\"@context\":\"https:\\\/\\\/schema.org\",\"@graph\":[{\"@type\":\"WebPage\",\"@id\":\"https:\\\/\\\/taxi-paris-beauvais-aeroport.fr\\\/politique-de-confidentialite\",\"url\":\"https:\\\/\\\/taxi-paris-beauvais-aeroport.fr\\\/politique-de-confidentialite\",\"name\":\"Politique de confidentialit\u00e9 - Taxi Beauvais Paris\",\"isPartOf\":{\"@id\":\"https:\\\/\\\/taxi-paris-beauvais-aeroport.fr\\\/#website\"},\"datePublished\":\"2021-04-15T15:11:28+00:00\",\"dateModified\":\"2021-04-15T15:11:29+00:00\",\"breadcrumb\":{\"@id\":\"https:\\\/\\\/taxi-paris-beauvais-aeroport.fr\\\/politique-de-confidentialite#breadcrumb\"},\"inLanguage\":\"ro-RO\",\"potentialAction\":[{\"@type\":\"ReadAction\",\"target\":[\"https:\\\/\\\/taxi-paris-beauvais-aeroport.fr\\\/politique-de-confidentialite\"]}]},{\"@type\":\"BreadcrumbList\",\"@id\":\"https:\\\/\\\/taxi-paris-beauvais-aeroport.fr\\\/politique-de-confidentialite#breadcrumb\",\"itemListElement\":[{\"@type\":\"ListItem\",\"position\":1,\"name\":\"Accueil\",\"item\":\"https:\\\/\\\/taxi-paris-beauvais-aeroport.fr\\\/\"},{\"@type\":\"ListItem\",\"position\":2,\"name\":\"Politique de confidentialit\u00e9\"}]},{\"@type\":\"WebSite\",\"@id\":\"https:\\\/\\\/taxi-paris-beauvais-aeroport.fr\\\/#website\",\"url\":\"https:\\\/\\\/taxi-paris-beauvais-aeroport.fr\\\/\",\"name\":\"Taxi Beauvais Paris\",\"description\":\"R\u00e9server un trajet en taxi\",\"publisher\":{\"@id\":\"https:\\\/\\\/taxi-paris-beauvais-aeroport.fr\\\/#organization\"},\"potentialAction\":[{\"@type\":\"SearchAction\",\"target\":{\"@type\":\"EntryPoint\",\"urlTemplate\":\"https:\\\/\\\/taxi-paris-beauvais-aeroport.fr\\\/?s={search_term_string}\"},\"query-input\":{\"@type\":\"PropertyValueSpecification\",\"valueRequired\":true,\"valueName\":\"search_term_string\"}}],\"inLanguage\":\"ro-RO\"},{\"@type\":\"Organization\",\"@id\":\"https:\\\/\\\/taxi-paris-beauvais-aeroport.fr\\\/#organization\",\"name\":\"Taxi Beauvais Paris\",\"url\":\"https:\\\/\\\/taxi-paris-beauvais-aeroport.fr\\\/\",\"logo\":{\"@type\":\"ImageObject\",\"inLanguage\":\"ro-RO\",\"@id\":\"https:\\\/\\\/taxi-paris-beauvais-aeroport.fr\\\/#\\\/schema\\\/logo\\\/image\\\/\",\"url\":\"https:\\\/\\\/taxi-paris-beauvais-aeroport.fr\\\/wp-content\\\/uploads\\\/2022\\\/02\\\/cropped-Logo-taxi-2.png\",\"contentUrl\":\"https:\\\/\\\/taxi-paris-beauvais-aeroport.fr\\\/wp-content\\\/uploads\\\/2022\\\/02\\\/cropped-Logo-taxi-2.png\",\"width\":325,\"height\":106,\"caption\":\"Taxi Beauvais Paris\"},\"image\":{\"@id\":\"https:\\\/\\\/taxi-paris-beauvais-aeroport.fr\\\/#\\\/schema\\\/logo\\\/image\\\/\"}}]}<\/script>\n<!-- \/ Yoast SEO plugin. -->","yoast_head_json":{"title":"Politica de confiden\u021bialitate - Taxi Beauvais Paris","robots":{"index":"index","follow":"follow","max-snippet":"max-snippet:-1","max-image-preview":"max-image-preview:large","max-video-preview":"max-video-preview:-1"},"canonical":"https:\/\/taxi-paris-beauvais-aeroport.fr\/ro\/politique-de-confidentialite","og_locale":"ro_RO","og_type":"article","og_title":"Politique de confidentialit\u00e9 - Taxi Beauvais Paris","og_description":"Qui sommes-nous&nbsp;? L\u2019adresse de notre site est\u00a0: https:\/\/taxi-paris-beauvais-aeroport.fr. Commentaires Quand vous laissez un commentaire sur notre site, les donn\u00e9es inscrites dans le formulaire de commentaire, mais aussi votre adresse IP et l\u2019agent utilisateur de votre navigateur sont collect\u00e9s pour nous aider \u00e0 la d\u00e9tection des commentaires ind\u00e9sirables. Une cha\u00eene anonymis\u00e9e cr\u00e9\u00e9e \u00e0 partir de votre [&hellip;]","og_url":"https:\/\/taxi-paris-beauvais-aeroport.fr\/ro\/politique-de-confidentialite","og_site_name":"Taxi Beauvais Paris","article_modified_time":"2021-04-15T15:11:29+00:00","twitter_card":"summary_large_image","twitter_misc":{"Timp estimat pentru citire":"4 minute"},"schema":{"@context":"https:\/\/schema.org","@graph":[{"@type":"WebPage","@id":"https:\/\/taxi-paris-beauvais-aeroport.fr\/politique-de-confidentialite","url":"https:\/\/taxi-paris-beauvais-aeroport.fr\/politique-de-confidentialite","name":"Politica de confiden\u021bialitate - Taxi Beauvais Paris","isPartOf":{"@id":"https:\/\/taxi-paris-beauvais-aeroport.fr\/#website"},"datePublished":"2021-04-15T15:11:28+00:00","dateModified":"2021-04-15T15:11:29+00:00","breadcrumb":{"@id":"https:\/\/taxi-paris-beauvais-aeroport.fr\/politique-de-confidentialite#breadcrumb"},"inLanguage":"ro-RO","potentialAction":[{"@type":"ReadAction","target":["https:\/\/taxi-paris-beauvais-aeroport.fr\/politique-de-confidentialite"]}]},{"@type":"BreadcrumbList","@id":"https:\/\/taxi-paris-beauvais-aeroport.fr\/politique-de-confidentialite#breadcrumb","itemListElement":[{"@type":"ListItem","position":1,"name":"Accueil","item":"https:\/\/taxi-paris-beauvais-aeroport.fr\/"},{"@type":"ListItem","position":2,"name":"Politique de confidentialit\u00e9"}]},{"@type":"WebSite","@id":"https:\/\/taxi-paris-beauvais-aeroport.fr\/#website","url":"https:\/\/taxi-paris-beauvais-aeroport.fr\/","name":"Taxi Beauvais Paris","description":"Rezervarea unui taxi","publisher":{"@id":"https:\/\/taxi-paris-beauvais-aeroport.fr\/#organization"},"potentialAction":[{"@type":"SearchAction","target":{"@type":"EntryPoint","urlTemplate":"https:\/\/taxi-paris-beauvais-aeroport.fr\/?s={search_term_string}"},"query-input":{"@type":"PropertyValueSpecification","valueRequired":true,"valueName":"search_term_string"}}],"inLanguage":"ro-RO"},{"@type":"Organization","@id":"https:\/\/taxi-paris-beauvais-aeroport.fr\/#organization","name":"Taxi Beauvais Paris","url":"https:\/\/taxi-paris-beauvais-aeroport.fr\/","logo":{"@type":"ImageObject","inLanguage":"ro-RO","@id":"https:\/\/taxi-paris-beauvais-aeroport.fr\/#\/schema\/logo\/image\/","url":"https:\/\/taxi-paris-beauvais-aeroport.fr\/wp-content\/uploads\/2022\/02\/cropped-Logo-taxi-2.png","contentUrl":"https:\/\/taxi-paris-beauvais-aeroport.fr\/wp-content\/uploads\/2022\/02\/cropped-Logo-taxi-2.png","width":325,"height":106,"caption":"Taxi Beauvais Paris"},"image":{"@id":"https:\/\/taxi-paris-beauvais-aeroport.fr\/#\/schema\/logo\/image\/"}}]}},"_links":{"self":[{"href":"https:\/\/taxi-paris-beauvais-aeroport.fr\/ro\/wp-json\/wp\/v2\/pages\/27","targetHints":{"allow":["GET"]}}],"collection":[{"href":"https:\/\/taxi-paris-beauvais-aeroport.fr\/ro\/wp-json\/wp\/v2\/pages"}],"about":[{"href":"https:\/\/taxi-paris-beauvais-aeroport.fr\/ro\/wp-json\/wp\/v2\/types\/page"}],"author":[{"embeddable":true,"href":"https:\/\/taxi-paris-beauvais-aeroport.fr\/ro\/wp-json\/wp\/v2\/users\/1"}],"replies":[{"embeddable":true,"href":"https:\/\/taxi-paris-beauvais-aeroport.fr\/ro\/wp-json\/wp\/v2\/comments?post=27"}],"version-history":[{"count":1,"href":"https:\/\/taxi-paris-beauvais-aeroport.fr\/ro\/wp-json\/wp\/v2\/pages\/27\/revisions"}],"predecessor-version":[{"id":28,"href":"https:\/\/taxi-paris-beauvais-aeroport.fr\/ro\/wp-json\/wp\/v2\/pages\/27\/revisions\/28"}],"wp:attachment":[{"href":"https:\/\/taxi-paris-beauvais-aeroport.fr\/ro\/wp-json\/wp\/v2\/media?parent=27"}],"curies":[{"name":"wp","href":"https:\/\/api.w.org\/{rel}","templated":true}]}}