{"id":27,"date":"2021-04-15T15:11:28","date_gmt":"2021-04-15T15:11:28","guid":{"rendered":"https:\/\/taxi-paris-beauvais-aeroport.fr\/?page_id=27"},"modified":"2021-04-15T15:11:29","modified_gmt":"2021-04-15T15:11:29","slug":"politique-de-confidentialite","status":"publish","type":"page","link":"https:\/\/taxi-paris-beauvais-aeroport.fr\/pl\/politique-de-confidentialite","title":{"rendered":"Polityka prywatno\u015bci"},"content":{"rendered":"<h2 class=\"wp-block-heading\">Kim jeste\u015bmy?<\/h2>\n\n\n\n<p>Adres naszej strony internetowej to https:\/\/taxi-paris-beauvais-aeroport.fr.<\/p>\n\n\n\n<h2 class=\"wp-block-heading\">Komentarze<\/h2>\n\n\n\n<p>Gdy u\u017cytkownik zostawia komentarz na naszej stronie, dane wprowadzone w formularzu komentarza, adres IP i agent u\u017cytkownika przegl\u0105darki s\u0105 gromadzone, aby pom\u00f3c nam wykry\u0107 niepo\u017c\u0105dane komentarze.<\/p>\n\n\n\n<p>Zanonimizowany ci\u0105g znak\u00f3w utworzony z adresu e-mail u\u017cytkownika (znany r\u00f3wnie\u017c jako hash) mo\u017ce zosta\u0107 wys\u0142any do us\u0142ugi Gravatar w celu sprawdzenia, czy u\u017cytkownik z niej korzysta. Klauzule poufno\u015bci us\u0142ugi Gravatar s\u0105 dost\u0119pne tutaj: https:\/\/automattic.com\/privacy\/. Po zatwierdzeniu komentarza zdj\u0119cie profilowe u\u017cytkownika b\u0119dzie widoczne publicznie wraz z komentarzem.<\/p>\n\n\n\n<h2 class=\"wp-block-heading\">Media<\/h2>\n\n\n\n<p>W przypadku przesy\u0142ania obraz\u00f3w do witryny zalecamy unikanie przesy\u0142ania obraz\u00f3w zawieraj\u0105cych dane EXIF wsp\u00f3\u0142rz\u0119dnych GPS. Osoby odwiedzaj\u0105ce witryn\u0119 mog\u0105 pobra\u0107 i wyodr\u0119bni\u0107 dane lokalizacji z tych obraz\u00f3w.<\/p>\n\n\n\n<h2 class=\"wp-block-heading\">Pliki cookie<\/h2>\n\n\n\n<p>Je\u015bli zostawisz komentarz na naszej stronie, zostaniesz poproszony o zapisanie swojego imienia i nazwiska, adresu e-mail i witryny w plikach cookie. Jest to wy\u0142\u0105cznie dla Twojej wygody, aby\u015b nie musia\u0142 wprowadza\u0107 tych informacji, je\u015bli zostawisz kolejny komentarz w p\u00f3\u017aniejszym terminie. Te pliki cookie wygasaj\u0105 po roku.<\/p>\n\n\n\n<p>Po przej\u015bciu na stron\u0119 logowania zostanie utworzony tymczasowy plik cookie w celu okre\u015blenia, czy przegl\u0105darka u\u017cytkownika akceptuje pliki cookie. Nie zawiera on \u017cadnych danych osobowych i zostanie automatycznie usuni\u0119ty po zamkni\u0119ciu przegl\u0105darki.<\/p>\n\n\n\n<p>Po zalogowaniu si\u0119 ustawimy pewn\u0105 liczb\u0119 plik\u00f3w cookie w celu zapisania informacji logowania i preferencji ekranu. Czas \u017cycia pliku cookie po\u0142\u0105czenia wynosi dwa dni, a pliku cookie opcji ekranu - jeden rok. Je\u015bli u\u017cytkownik zaznaczy opcj\u0119 \"Zapami\u0119taj mnie\", plik cookie po\u0142\u0105czenia b\u0119dzie przechowywany przez dwa tygodnie. Je\u015bli u\u017cytkownik wyloguje si\u0119 ze swojego konta, plik cookie logowania zostanie usuni\u0119ty.<\/p>\n\n\n\n<p>Modyfikuj\u0105c lub publikuj\u0105c publikacj\u0119, w przegl\u0105darce u\u017cytkownika zostanie zapisany dodatkowy plik cookie. Ten plik cookie nie zawiera \u017cadnych danych osobowych. Wskazuje jedynie identyfikator w\u0142a\u015bnie zmodyfikowanej publikacji. Wygasa on po up\u0142ywie jednego dnia.<\/p>\n\n\n\n<h2 class=\"wp-block-heading\">Osadzona zawarto\u015b\u0107 z innych witryn<\/h2>\n\n\n\n<p>Artyku\u0142y na tej stronie mog\u0105 zawiera\u0107 osadzone tre\u015bci (np. filmy, obrazy, artyku\u0142y itp.). Osadzone tre\u015bci z innych witryn zachowuj\u0105 si\u0119 w taki sam spos\u00f3b, jak gdyby u\u017cytkownik odwiedza\u0142 t\u0119 inn\u0105 witryn\u0119.<\/p>\n\n\n\n<p>Witryny te mog\u0105 gromadzi\u0107 dane o u\u017cytkowniku, wykorzystywa\u0107 pliki cookie, osadza\u0107 narz\u0119dzia \u015bledz\u0105ce stron trzecich i \u015bledzi\u0107 interakcje u\u017cytkownika z t\u0105 osadzon\u0105 zawarto\u015bci\u0105, je\u015bli u\u017cytkownik ma konto po\u0142\u0105czone z ich witryn\u0105.<\/p>\n\n\n\n<h2 class=\"wp-block-heading\">Wykorzystywanie i przekazywanie danych osobowych u\u017cytkownika<\/h2>\n\n\n\n<p>Je\u015bli u\u017cytkownik za\u017c\u0105da zresetowania has\u0142a, jego adres IP zostanie uwzgl\u0119dniony w wiadomo\u015bci e-mail z pro\u015bb\u0105 o zresetowanie has\u0142a.<\/p>\n\n\n\n<h2 class=\"wp-block-heading\">Okresy przechowywania danych<\/h2>\n\n\n\n<p>Je\u015bli zostawisz komentarz, komentarz i jego metadane s\u0105 przechowywane przez czas nieokre\u015blony. Dzi\u0119ki temu kolejne komentarze mog\u0105 by\u0107 automatycznie rozpoznawane i zatwierdzane, zamiast pozostawa\u0107 w kolejce moderacji.<\/p>\n\n\n\n<p>W przypadku kont, kt\u00f3re rejestruj\u0105 si\u0119 w naszej witrynie (w stosownych przypadkach), przechowujemy r\u00f3wnie\u017c dane osobowe wskazane w ich profilu. Wszystkie konta mog\u0105 przegl\u0105da\u0107, modyfikowa\u0107 lub usuwa\u0107 swoje dane osobowe w dowolnym momencie (z wyj\u0105tkiem identyfikatora u\u017cytkownika). Mened\u017cerowie witryny mog\u0105 r\u00f3wnie\u017c przegl\u0105da\u0107 i modyfikowa\u0107 te informacje.<\/p>\n\n\n\n<h2 class=\"wp-block-heading\">Prawa przys\u0142uguj\u0105ce u\u017cytkownikowi w odniesieniu do jego danych<\/h2>\n\n\n\n<p>Je\u015bli u\u017cytkownik posiada konto lub pozostawi\u0142 komentarze w witrynie, mo\u017ce za\u017c\u0105da\u0107 pliku zawieraj\u0105cego wszystkie dane osobowe, kt\u00f3re posiadamy na jego temat, w tym te, kt\u00f3re nam przekaza\u0142. U\u017cytkownik mo\u017ce r\u00f3wnie\u017c za\u017c\u0105da\u0107 usuni\u0119cia swoich danych osobowych. Nie obejmuje to danych przechowywanych do cel\u00f3w administracyjnych, prawnych lub bezpiecze\u0144stwa.<\/p>\n\n\n\n<h2 class=\"wp-block-heading\">Przekazywanie danych osobowych u\u017cytkownika<\/h2>\n\n\n\n<p>Komentarze odwiedzaj\u0105cych mog\u0105 by\u0107 sprawdzane za pomoc\u0105 zautomatyzowanej us\u0142ugi w celu wykrycia niepo\u017c\u0105danych komentarzy.<\/p>","protected":false},"excerpt":{"rendered":"<p>Qui sommes-nous&nbsp;? L\u2019adresse de notre site est\u00a0: https:\/\/taxi-paris-beauvais-aeroport.fr. Commentaires Quand vous laissez un commentaire sur notre site, les donn\u00e9es inscrites dans le formulaire de commentaire, mais aussi votre adresse IP et l\u2019agent utilisateur de votre navigateur sont collect\u00e9s pour nous aider \u00e0 la d\u00e9tection des commentaires ind\u00e9sirables. Une cha\u00eene anonymis\u00e9e cr\u00e9\u00e9e \u00e0 partir de votre [&hellip;]<\/p>\n","protected":false},"author":1,"featured_media":0,"parent":0,"menu_order":0,"comment_status":"closed","ping_status":"closed","template":"","meta":{"footnotes":""},"class_list":["post-27","page","type-page","status-publish","hentry"],"yoast_head":"<!-- This site is optimized with the Yoast SEO plugin v27.3 - https:\/\/yoast.com\/product\/yoast-seo-wordpress\/ -->\n<title>Politique de confidentialit\u00e9 - Taxi Beauvais Paris<\/title>\n<meta name=\"robots\" content=\"index, follow, max-snippet:-1, max-image-preview:large, max-video-preview:-1\" \/>\n<link rel=\"canonical\" href=\"https:\/\/taxi-paris-beauvais-aeroport.fr\/pl\/politique-de-confidentialite\" \/>\n<meta property=\"og:locale\" content=\"pl_PL\" \/>\n<meta property=\"og:type\" content=\"article\" \/>\n<meta property=\"og:title\" content=\"Politique de confidentialit\u00e9 - Taxi Beauvais Paris\" \/>\n<meta property=\"og:description\" content=\"Qui sommes-nous&nbsp;? L\u2019adresse de notre site est\u00a0: https:\/\/taxi-paris-beauvais-aeroport.fr. Commentaires Quand vous laissez un commentaire sur notre site, les donn\u00e9es inscrites dans le formulaire de commentaire, mais aussi votre adresse IP et l\u2019agent utilisateur de votre navigateur sont collect\u00e9s pour nous aider \u00e0 la d\u00e9tection des commentaires ind\u00e9sirables. Une cha\u00eene anonymis\u00e9e cr\u00e9\u00e9e \u00e0 partir de votre [&hellip;]\" \/>\n<meta property=\"og:url\" content=\"https:\/\/taxi-paris-beauvais-aeroport.fr\/pl\/politique-de-confidentialite\" \/>\n<meta property=\"og:site_name\" content=\"Taxi Beauvais Paris\" \/>\n<meta property=\"article:modified_time\" content=\"2021-04-15T15:11:29+00:00\" \/>\n<meta name=\"twitter:card\" content=\"summary_large_image\" \/>\n<meta name=\"twitter:label1\" content=\"Szacowany czas czytania\" \/>\n\t<meta name=\"twitter:data1\" content=\"4 minuty\" \/>\n<script type=\"application\/ld+json\" class=\"yoast-schema-graph\">{\"@context\":\"https:\\\/\\\/schema.org\",\"@graph\":[{\"@type\":\"WebPage\",\"@id\":\"https:\\\/\\\/taxi-paris-beauvais-aeroport.fr\\\/politique-de-confidentialite\",\"url\":\"https:\\\/\\\/taxi-paris-beauvais-aeroport.fr\\\/politique-de-confidentialite\",\"name\":\"Politique de confidentialit\u00e9 - Taxi Beauvais Paris\",\"isPartOf\":{\"@id\":\"https:\\\/\\\/taxi-paris-beauvais-aeroport.fr\\\/#website\"},\"datePublished\":\"2021-04-15T15:11:28+00:00\",\"dateModified\":\"2021-04-15T15:11:29+00:00\",\"breadcrumb\":{\"@id\":\"https:\\\/\\\/taxi-paris-beauvais-aeroport.fr\\\/politique-de-confidentialite#breadcrumb\"},\"inLanguage\":\"pl-PL\",\"potentialAction\":[{\"@type\":\"ReadAction\",\"target\":[\"https:\\\/\\\/taxi-paris-beauvais-aeroport.fr\\\/politique-de-confidentialite\"]}]},{\"@type\":\"BreadcrumbList\",\"@id\":\"https:\\\/\\\/taxi-paris-beauvais-aeroport.fr\\\/politique-de-confidentialite#breadcrumb\",\"itemListElement\":[{\"@type\":\"ListItem\",\"position\":1,\"name\":\"Accueil\",\"item\":\"https:\\\/\\\/taxi-paris-beauvais-aeroport.fr\\\/\"},{\"@type\":\"ListItem\",\"position\":2,\"name\":\"Politique de confidentialit\u00e9\"}]},{\"@type\":\"WebSite\",\"@id\":\"https:\\\/\\\/taxi-paris-beauvais-aeroport.fr\\\/#website\",\"url\":\"https:\\\/\\\/taxi-paris-beauvais-aeroport.fr\\\/\",\"name\":\"Taxi Beauvais Paris\",\"description\":\"R\u00e9server un trajet en taxi\",\"publisher\":{\"@id\":\"https:\\\/\\\/taxi-paris-beauvais-aeroport.fr\\\/#organization\"},\"potentialAction\":[{\"@type\":\"SearchAction\",\"target\":{\"@type\":\"EntryPoint\",\"urlTemplate\":\"https:\\\/\\\/taxi-paris-beauvais-aeroport.fr\\\/?s={search_term_string}\"},\"query-input\":{\"@type\":\"PropertyValueSpecification\",\"valueRequired\":true,\"valueName\":\"search_term_string\"}}],\"inLanguage\":\"pl-PL\"},{\"@type\":\"Organization\",\"@id\":\"https:\\\/\\\/taxi-paris-beauvais-aeroport.fr\\\/#organization\",\"name\":\"Taxi Beauvais Paris\",\"url\":\"https:\\\/\\\/taxi-paris-beauvais-aeroport.fr\\\/\",\"logo\":{\"@type\":\"ImageObject\",\"inLanguage\":\"pl-PL\",\"@id\":\"https:\\\/\\\/taxi-paris-beauvais-aeroport.fr\\\/#\\\/schema\\\/logo\\\/image\\\/\",\"url\":\"https:\\\/\\\/taxi-paris-beauvais-aeroport.fr\\\/wp-content\\\/uploads\\\/2022\\\/02\\\/cropped-Logo-taxi-2.png\",\"contentUrl\":\"https:\\\/\\\/taxi-paris-beauvais-aeroport.fr\\\/wp-content\\\/uploads\\\/2022\\\/02\\\/cropped-Logo-taxi-2.png\",\"width\":325,\"height\":106,\"caption\":\"Taxi Beauvais Paris\"},\"image\":{\"@id\":\"https:\\\/\\\/taxi-paris-beauvais-aeroport.fr\\\/#\\\/schema\\\/logo\\\/image\\\/\"}}]}<\/script>\n<!-- \/ Yoast SEO plugin. -->","yoast_head_json":{"title":"Polityka prywatno\u015bci - Taxi Beauvais Paris","robots":{"index":"index","follow":"follow","max-snippet":"max-snippet:-1","max-image-preview":"max-image-preview:large","max-video-preview":"max-video-preview:-1"},"canonical":"https:\/\/taxi-paris-beauvais-aeroport.fr\/pl\/politique-de-confidentialite","og_locale":"pl_PL","og_type":"article","og_title":"Politique de confidentialit\u00e9 - Taxi Beauvais Paris","og_description":"Qui sommes-nous&nbsp;? L\u2019adresse de notre site est\u00a0: https:\/\/taxi-paris-beauvais-aeroport.fr. Commentaires Quand vous laissez un commentaire sur notre site, les donn\u00e9es inscrites dans le formulaire de commentaire, mais aussi votre adresse IP et l\u2019agent utilisateur de votre navigateur sont collect\u00e9s pour nous aider \u00e0 la d\u00e9tection des commentaires ind\u00e9sirables. Une cha\u00eene anonymis\u00e9e cr\u00e9\u00e9e \u00e0 partir de votre [&hellip;]","og_url":"https:\/\/taxi-paris-beauvais-aeroport.fr\/pl\/politique-de-confidentialite","og_site_name":"Taxi Beauvais Paris","article_modified_time":"2021-04-15T15:11:29+00:00","twitter_card":"summary_large_image","twitter_misc":{"Szacowany czas czytania":"4 minuty"},"schema":{"@context":"https:\/\/schema.org","@graph":[{"@type":"WebPage","@id":"https:\/\/taxi-paris-beauvais-aeroport.fr\/politique-de-confidentialite","url":"https:\/\/taxi-paris-beauvais-aeroport.fr\/politique-de-confidentialite","name":"Polityka prywatno\u015bci - Taxi Beauvais Paris","isPartOf":{"@id":"https:\/\/taxi-paris-beauvais-aeroport.fr\/#website"},"datePublished":"2021-04-15T15:11:28+00:00","dateModified":"2021-04-15T15:11:29+00:00","breadcrumb":{"@id":"https:\/\/taxi-paris-beauvais-aeroport.fr\/politique-de-confidentialite#breadcrumb"},"inLanguage":"pl-PL","potentialAction":[{"@type":"ReadAction","target":["https:\/\/taxi-paris-beauvais-aeroport.fr\/politique-de-confidentialite"]}]},{"@type":"BreadcrumbList","@id":"https:\/\/taxi-paris-beauvais-aeroport.fr\/politique-de-confidentialite#breadcrumb","itemListElement":[{"@type":"ListItem","position":1,"name":"Accueil","item":"https:\/\/taxi-paris-beauvais-aeroport.fr\/"},{"@type":"ListItem","position":2,"name":"Politique de confidentialit\u00e9"}]},{"@type":"WebSite","@id":"https:\/\/taxi-paris-beauvais-aeroport.fr\/#website","url":"https:\/\/taxi-paris-beauvais-aeroport.fr\/","name":"Taxi Beauvais Pary\u017c","description":"Zarezerwuj taks\u00f3wk\u0119","publisher":{"@id":"https:\/\/taxi-paris-beauvais-aeroport.fr\/#organization"},"potentialAction":[{"@type":"SearchAction","target":{"@type":"EntryPoint","urlTemplate":"https:\/\/taxi-paris-beauvais-aeroport.fr\/?s={search_term_string}"},"query-input":{"@type":"PropertyValueSpecification","valueRequired":true,"valueName":"search_term_string"}}],"inLanguage":"pl-PL"},{"@type":"Organization","@id":"https:\/\/taxi-paris-beauvais-aeroport.fr\/#organization","name":"Taxi Beauvais Pary\u017c","url":"https:\/\/taxi-paris-beauvais-aeroport.fr\/","logo":{"@type":"ImageObject","inLanguage":"pl-PL","@id":"https:\/\/taxi-paris-beauvais-aeroport.fr\/#\/schema\/logo\/image\/","url":"https:\/\/taxi-paris-beauvais-aeroport.fr\/wp-content\/uploads\/2022\/02\/cropped-Logo-taxi-2.png","contentUrl":"https:\/\/taxi-paris-beauvais-aeroport.fr\/wp-content\/uploads\/2022\/02\/cropped-Logo-taxi-2.png","width":325,"height":106,"caption":"Taxi Beauvais Paris"},"image":{"@id":"https:\/\/taxi-paris-beauvais-aeroport.fr\/#\/schema\/logo\/image\/"}}]}},"_links":{"self":[{"href":"https:\/\/taxi-paris-beauvais-aeroport.fr\/pl\/wp-json\/wp\/v2\/pages\/27","targetHints":{"allow":["GET"]}}],"collection":[{"href":"https:\/\/taxi-paris-beauvais-aeroport.fr\/pl\/wp-json\/wp\/v2\/pages"}],"about":[{"href":"https:\/\/taxi-paris-beauvais-aeroport.fr\/pl\/wp-json\/wp\/v2\/types\/page"}],"author":[{"embeddable":true,"href":"https:\/\/taxi-paris-beauvais-aeroport.fr\/pl\/wp-json\/wp\/v2\/users\/1"}],"replies":[{"embeddable":true,"href":"https:\/\/taxi-paris-beauvais-aeroport.fr\/pl\/wp-json\/wp\/v2\/comments?post=27"}],"version-history":[{"count":1,"href":"https:\/\/taxi-paris-beauvais-aeroport.fr\/pl\/wp-json\/wp\/v2\/pages\/27\/revisions"}],"predecessor-version":[{"id":28,"href":"https:\/\/taxi-paris-beauvais-aeroport.fr\/pl\/wp-json\/wp\/v2\/pages\/27\/revisions\/28"}],"wp:attachment":[{"href":"https:\/\/taxi-paris-beauvais-aeroport.fr\/pl\/wp-json\/wp\/v2\/media?parent=27"}],"curies":[{"name":"wp","href":"https:\/\/api.w.org\/{rel}","templated":true}]}}