{"id":804,"date":"2022-03-10T13:57:52","date_gmt":"2022-03-10T13:57:52","guid":{"rendered":"https:\/\/taxi-paris-beauvais-aeroport.fr\/?page_id=804"},"modified":"2022-03-10T14:04:54","modified_gmt":"2022-03-10T14:04:54","slug":"achat-echoue","status":"publish","type":"page","link":"https:\/\/taxi-paris-beauvais-aeroport.fr\/it\/achat-echoue","title":{"rendered":"Acquisto fallito"},"content":{"rendered":"<div data-elementor-type=\"wp-page\" data-elementor-id=\"804\" class=\"elementor elementor-804\" data-elementor-post-type=\"page\">\n\t\t\t\t\t\t<section class=\"elementor-section elementor-top-section elementor-element elementor-element-d4b3541 elementor-section-height-min-height elementor-section-boxed elementor-section-height-default elementor-section-items-middle\" data-id=\"d4b3541\" data-element_type=\"section\" data-settings=\"{&quot;background_background&quot;:&quot;classic&quot;,&quot;shape_divider_bottom&quot;:&quot;triangle&quot;,&quot;shape_divider_bottom_negative&quot;:&quot;yes&quot;}\">\n\t\t\t\t\t\t\t<div class=\"elementor-background-overlay\"><\/div>\n\t\t\t\t\t\t<div class=\"elementor-shape elementor-shape-bottom\" aria-hidden=\"true\" data-negative=\"true\">\n\t\t\t<svg xmlns=\"http:\/\/www.w3.org\/2000\/svg\" viewbox=\"0 0 1000 100\" preserveaspectratio=\"none\">\n\t<path class=\"elementor-shape-fill\" d=\"M500.2,94.7L0,0v100h1000V0L500.2,94.7z\"\/>\n<\/svg>\t\t<\/div>\n\t\t\t\t\t<div class=\"elementor-container elementor-column-gap-default\">\n\t\t\t\t\t<div class=\"elementor-column elementor-col-100 elementor-top-column elementor-element elementor-element-37e974b\" data-id=\"37e974b\" data-element_type=\"column\">\n\t\t\t<div class=\"elementor-widget-wrap elementor-element-populated\">\n\t\t\t\t\t\t<div class=\"elementor-element elementor-element-360dada elementor-widget elementor-widget-heading\" data-id=\"360dada\" data-element_type=\"widget\" data-widget_type=\"heading.default\">\n\t\t\t\t<div class=\"elementor-widget-container\">\n\t\t\t\t\t<h1 class=\"elementor-heading-title elementor-size-default\">Prenotazione annullata.<\/h1>\t\t\t\t<\/div>\n\t\t\t\t<\/div>\n\t\t\t\t\t<\/div>\n\t\t<\/div>\n\t\t\t\t\t<\/div>\n\t\t<\/section>\n\t\t\t\t<section class=\"elementor-section elementor-top-section elementor-element elementor-element-5178630 elementor-section-boxed elementor-section-height-default elementor-section-height-default\" data-id=\"5178630\" data-element_type=\"section\" data-settings=\"{&quot;background_background&quot;:&quot;classic&quot;}\">\n\t\t\t\t\t\t<div class=\"elementor-container elementor-column-gap-default\">\n\t\t\t\t\t<div class=\"elementor-column elementor-col-100 elementor-top-column elementor-element elementor-element-46ca8be\" data-id=\"46ca8be\" data-element_type=\"column\">\n\t\t\t<div class=\"elementor-widget-wrap elementor-element-populated\">\n\t\t\t\t\t\t<div class=\"elementor-element elementor-element-f952add elementor-align-center elementor-widget elementor-widget-lottie\" data-id=\"f952add\" data-element_type=\"widget\" data-settings=\"{&quot;source_json&quot;:{&quot;url&quot;:&quot;https:\\\/\\\/taxi-paris-beauvais-aeroport.fr\\\/wp-content\\\/uploads\\\/2022\\\/03\\\/38993-ocl-canceled.json&quot;,&quot;id&quot;:816,&quot;size&quot;:&quot;&quot;,&quot;alt&quot;:&quot;&quot;,&quot;source&quot;:&quot;library&quot;},&quot;loop&quot;:&quot;yes&quot;,&quot;source&quot;:&quot;media_file&quot;,&quot;caption_source&quot;:&quot;none&quot;,&quot;link_to&quot;:&quot;none&quot;,&quot;trigger&quot;:&quot;arriving_to_viewport&quot;,&quot;viewport&quot;:{&quot;unit&quot;:&quot;%&quot;,&quot;size&quot;:&quot;&quot;,&quot;sizes&quot;:{&quot;start&quot;:0,&quot;end&quot;:100}},&quot;play_speed&quot;:{&quot;unit&quot;:&quot;px&quot;,&quot;size&quot;:1,&quot;sizes&quot;:[]},&quot;start_point&quot;:{&quot;unit&quot;:&quot;%&quot;,&quot;size&quot;:0,&quot;sizes&quot;:[]},&quot;end_point&quot;:{&quot;unit&quot;:&quot;%&quot;,&quot;size&quot;:100,&quot;sizes&quot;:[]},&quot;renderer&quot;:&quot;svg&quot;}\" data-widget_type=\"lottie.default\">\n\t\t\t\t<div class=\"elementor-widget-container\">\n\t\t\t\t\t<div class=\"e-lottie__container\"><div class=\"e-lottie__animation\"><\/div><\/div>\t\t\t\t<\/div>\n\t\t\t\t<\/div>\n\t\t\t\t<div class=\"elementor-element elementor-element-24d02f3 elementor-widget elementor-widget-heading\" data-id=\"24d02f3\" data-element_type=\"widget\" data-widget_type=\"heading.default\">\n\t\t\t\t<div class=\"elementor-widget-container\">\n\t\t\t\t\t<h2 class=\"elementor-heading-title elementor-size-default\">La prenotazione non \u00e8 stata confermata.<br>\nNon \u00e8 stato effettuato alcun addebito.<\/h2>\t\t\t\t<\/div>\n\t\t\t\t<\/div>\n\t\t\t\t<div class=\"elementor-element elementor-element-0344261 elementor-widget elementor-widget-heading\" data-id=\"0344261\" data-element_type=\"widget\" data-widget_type=\"heading.default\">\n\t\t\t\t<div class=\"elementor-widget-container\">\n\t\t\t\t\t<h2 class=\"elementor-heading-title elementor-size-default\">Per ulteriori informazioni, contattateci all'indirizzo <b>06 64 53 81 89<\/b>.<\/h2>\t\t\t\t<\/div>\n\t\t\t\t<\/div>\n\t\t\t\t<div class=\"elementor-element elementor-element-58e9f90 elementor-align-center elementor-widget elementor-widget-button\" data-id=\"58e9f90\" data-element_type=\"widget\" data-widget_type=\"button.default\">\n\t\t\t\t<div class=\"elementor-widget-container\">\n\t\t\t\t\t\t\t\t\t<div class=\"elementor-button-wrapper\">\n\t\t\t\t\t<a class=\"elementor-button elementor-button-link elementor-size-sm\" href=\"https:\/\/taxi-paris-beauvais-aeroport.fr\/it\">\n\t\t\t\t\t\t<span class=\"elementor-button-content-wrapper\">\n\t\t\t\t\t\t\t\t\t<span class=\"elementor-button-text\">Torna alla pagina iniziale<\/span>\n\t\t\t\t\t<\/span>\n\t\t\t\t\t<\/a>\n\t\t\t\t<\/div>\n\t\t\t\t\t\t\t\t<\/div>\n\t\t\t\t<\/div>\n\t\t\t\t\t<\/div>\n\t\t<\/div>\n\t\t\t\t\t<\/div>\n\t\t<\/section>\n\t\t\t\t<\/div>","protected":false},"excerpt":{"rendered":"<p>Prenotazione annullata. La prenotazione non \u00e8 stata confermata. Non \u00e8 stato effettuato alcun addebito. Per ulteriori informazioni, contattateci al numero 06 64 53 81 89. Torna alla pagina iniziale<\/p>","protected":false},"author":2,"featured_media":0,"parent":0,"menu_order":0,"comment_status":"closed","ping_status":"closed","template":"","meta":{"footnotes":""},"class_list":["post-804","page","type-page","status-publish","hentry"],"yoast_head":"<!-- This site is optimized with the Yoast SEO plugin v27.4 - https:\/\/yoast.com\/product\/yoast-seo-wordpress\/ -->\n<title>Achat \u00e9chou\u00e9 - Taxi Beauvais Paris<\/title>\n<meta name=\"robots\" content=\"index, follow, max-snippet:-1, max-image-preview:large, max-video-preview:-1\" \/>\n<link rel=\"canonical\" href=\"https:\/\/taxi-paris-beauvais-aeroport.fr\/it\/achat-echoue\" \/>\n<meta property=\"og:locale\" content=\"it_IT\" \/>\n<meta property=\"og:type\" content=\"article\" \/>\n<meta property=\"og:title\" content=\"Achat \u00e9chou\u00e9 - Taxi Beauvais Paris\" \/>\n<meta property=\"og:description\" content=\"R\u00e9servation annul\u00e9e. Votre r\u00e9servation n&rsquo;est pas confirm\u00e9e. Vous n&rsquo;avez pas \u00e9t\u00e9 d\u00e9bit\u00e9. Pour plus d&rsquo;informations, veuillez nous contacter au 06 64 53 81 89. Retour \u00e0 la page d&rsquo;accueil\" \/>\n<meta property=\"og:url\" content=\"https:\/\/taxi-paris-beauvais-aeroport.fr\/it\/achat-echoue\" \/>\n<meta property=\"og:site_name\" content=\"Taxi Beauvais Paris\" \/>\n<meta property=\"article:modified_time\" content=\"2022-03-10T14:04:54+00:00\" \/>\n<meta name=\"twitter:card\" content=\"summary_large_image\" \/>\n<meta name=\"twitter:label1\" content=\"Tempo di lettura stimato\" \/>\n\t<meta name=\"twitter:data1\" content=\"1 minuto\" \/>\n<script type=\"application\/ld+json\" class=\"yoast-schema-graph\">{\"@context\":\"https:\\\/\\\/schema.org\",\"@graph\":[{\"@type\":\"WebPage\",\"@id\":\"https:\\\/\\\/taxi-paris-beauvais-aeroport.fr\\\/achat-echoue\",\"url\":\"https:\\\/\\\/taxi-paris-beauvais-aeroport.fr\\\/achat-echoue\",\"name\":\"Achat \u00e9chou\u00e9 - Taxi Beauvais Paris\",\"isPartOf\":{\"@id\":\"https:\\\/\\\/taxi-paris-beauvais-aeroport.fr\\\/#website\"},\"datePublished\":\"2022-03-10T13:57:52+00:00\",\"dateModified\":\"2022-03-10T14:04:54+00:00\",\"breadcrumb\":{\"@id\":\"https:\\\/\\\/taxi-paris-beauvais-aeroport.fr\\\/achat-echoue#breadcrumb\"},\"inLanguage\":\"it-IT\",\"potentialAction\":[{\"@type\":\"ReadAction\",\"target\":[\"https:\\\/\\\/taxi-paris-beauvais-aeroport.fr\\\/achat-echoue\"]}]},{\"@type\":\"BreadcrumbList\",\"@id\":\"https:\\\/\\\/taxi-paris-beauvais-aeroport.fr\\\/achat-echoue#breadcrumb\",\"itemListElement\":[{\"@type\":\"ListItem\",\"position\":1,\"name\":\"Accueil\",\"item\":\"https:\\\/\\\/taxi-paris-beauvais-aeroport.fr\\\/\"},{\"@type\":\"ListItem\",\"position\":2,\"name\":\"Achat \u00e9chou\u00e9\"}]},{\"@type\":\"WebSite\",\"@id\":\"https:\\\/\\\/taxi-paris-beauvais-aeroport.fr\\\/#website\",\"url\":\"https:\\\/\\\/taxi-paris-beauvais-aeroport.fr\\\/\",\"name\":\"Taxi Beauvais Paris\",\"description\":\"R\u00e9server un trajet en taxi\",\"publisher\":{\"@id\":\"https:\\\/\\\/taxi-paris-beauvais-aeroport.fr\\\/#organization\"},\"potentialAction\":[{\"@type\":\"SearchAction\",\"target\":{\"@type\":\"EntryPoint\",\"urlTemplate\":\"https:\\\/\\\/taxi-paris-beauvais-aeroport.fr\\\/?s={search_term_string}\"},\"query-input\":{\"@type\":\"PropertyValueSpecification\",\"valueRequired\":true,\"valueName\":\"search_term_string\"}}],\"inLanguage\":\"it-IT\"},{\"@type\":\"Organization\",\"@id\":\"https:\\\/\\\/taxi-paris-beauvais-aeroport.fr\\\/#organization\",\"name\":\"Taxi Beauvais Paris\",\"url\":\"https:\\\/\\\/taxi-paris-beauvais-aeroport.fr\\\/\",\"logo\":{\"@type\":\"ImageObject\",\"inLanguage\":\"it-IT\",\"@id\":\"https:\\\/\\\/taxi-paris-beauvais-aeroport.fr\\\/#\\\/schema\\\/logo\\\/image\\\/\",\"url\":\"https:\\\/\\\/taxi-paris-beauvais-aeroport.fr\\\/wp-content\\\/uploads\\\/2022\\\/02\\\/cropped-Logo-taxi-2.png\",\"contentUrl\":\"https:\\\/\\\/taxi-paris-beauvais-aeroport.fr\\\/wp-content\\\/uploads\\\/2022\\\/02\\\/cropped-Logo-taxi-2.png\",\"width\":325,\"height\":106,\"caption\":\"Taxi Beauvais Paris\"},\"image\":{\"@id\":\"https:\\\/\\\/taxi-paris-beauvais-aeroport.fr\\\/#\\\/schema\\\/logo\\\/image\\\/\"}}]}<\/script>\n<!-- \/ Yoast SEO plugin. -->","yoast_head_json":{"title":"Acquista - Taxi Beauvais Parigi","robots":{"index":"index","follow":"follow","max-snippet":"max-snippet:-1","max-image-preview":"max-image-preview:large","max-video-preview":"max-video-preview:-1"},"canonical":"https:\/\/taxi-paris-beauvais-aeroport.fr\/it\/achat-echoue","og_locale":"it_IT","og_type":"article","og_title":"Achat \u00e9chou\u00e9 - Taxi Beauvais Paris","og_description":"R\u00e9servation annul\u00e9e. Votre r\u00e9servation n&rsquo;est pas confirm\u00e9e. Vous n&rsquo;avez pas \u00e9t\u00e9 d\u00e9bit\u00e9. Pour plus d&rsquo;informations, veuillez nous contacter au 06 64 53 81 89. Retour \u00e0 la page d&rsquo;accueil","og_url":"https:\/\/taxi-paris-beauvais-aeroport.fr\/it\/achat-echoue","og_site_name":"Taxi Beauvais Paris","article_modified_time":"2022-03-10T14:04:54+00:00","twitter_card":"summary_large_image","twitter_misc":{"Tempo di lettura stimato":"1 minuto"},"schema":{"@context":"https:\/\/schema.org","@graph":[{"@type":"WebPage","@id":"https:\/\/taxi-paris-beauvais-aeroport.fr\/achat-echoue","url":"https:\/\/taxi-paris-beauvais-aeroport.fr\/achat-echoue","name":"Acquista - Taxi Beauvais Parigi","isPartOf":{"@id":"https:\/\/taxi-paris-beauvais-aeroport.fr\/#website"},"datePublished":"2022-03-10T13:57:52+00:00","dateModified":"2022-03-10T14:04:54+00:00","breadcrumb":{"@id":"https:\/\/taxi-paris-beauvais-aeroport.fr\/achat-echoue#breadcrumb"},"inLanguage":"it-IT","potentialAction":[{"@type":"ReadAction","target":["https:\/\/taxi-paris-beauvais-aeroport.fr\/achat-echoue"]}]},{"@type":"BreadcrumbList","@id":"https:\/\/taxi-paris-beauvais-aeroport.fr\/achat-echoue#breadcrumb","itemListElement":[{"@type":"ListItem","position":1,"name":"Accueil","item":"https:\/\/taxi-paris-beauvais-aeroport.fr\/"},{"@type":"ListItem","position":2,"name":"Achat \u00e9chou\u00e9"}]},{"@type":"WebSite","@id":"https:\/\/taxi-paris-beauvais-aeroport.fr\/#website","url":"https:\/\/taxi-paris-beauvais-aeroport.fr\/","name":"Taxi Beauvais Parigi","description":"Prenotare un taxi","publisher":{"@id":"https:\/\/taxi-paris-beauvais-aeroport.fr\/#organization"},"potentialAction":[{"@type":"SearchAction","target":{"@type":"EntryPoint","urlTemplate":"https:\/\/taxi-paris-beauvais-aeroport.fr\/?s={search_term_string}"},"query-input":{"@type":"PropertyValueSpecification","valueRequired":true,"valueName":"search_term_string"}}],"inLanguage":"it-IT"},{"@type":"Organization","@id":"https:\/\/taxi-paris-beauvais-aeroport.fr\/#organization","name":"Taxi Beauvais Parigi","url":"https:\/\/taxi-paris-beauvais-aeroport.fr\/","logo":{"@type":"ImageObject","inLanguage":"it-IT","@id":"https:\/\/taxi-paris-beauvais-aeroport.fr\/#\/schema\/logo\/image\/","url":"https:\/\/taxi-paris-beauvais-aeroport.fr\/wp-content\/uploads\/2022\/02\/cropped-Logo-taxi-2.png","contentUrl":"https:\/\/taxi-paris-beauvais-aeroport.fr\/wp-content\/uploads\/2022\/02\/cropped-Logo-taxi-2.png","width":325,"height":106,"caption":"Taxi Beauvais Paris"},"image":{"@id":"https:\/\/taxi-paris-beauvais-aeroport.fr\/#\/schema\/logo\/image\/"}}]}},"_links":{"self":[{"href":"https:\/\/taxi-paris-beauvais-aeroport.fr\/it\/wp-json\/wp\/v2\/pages\/804","targetHints":{"allow":["GET"]}}],"collection":[{"href":"https:\/\/taxi-paris-beauvais-aeroport.fr\/it\/wp-json\/wp\/v2\/pages"}],"about":[{"href":"https:\/\/taxi-paris-beauvais-aeroport.fr\/it\/wp-json\/wp\/v2\/types\/page"}],"author":[{"embeddable":true,"href":"https:\/\/taxi-paris-beauvais-aeroport.fr\/it\/wp-json\/wp\/v2\/users\/2"}],"replies":[{"embeddable":true,"href":"https:\/\/taxi-paris-beauvais-aeroport.fr\/it\/wp-json\/wp\/v2\/comments?post=804"}],"version-history":[{"count":25,"href":"https:\/\/taxi-paris-beauvais-aeroport.fr\/it\/wp-json\/wp\/v2\/pages\/804\/revisions"}],"predecessor-version":[{"id":832,"href":"https:\/\/taxi-paris-beauvais-aeroport.fr\/it\/wp-json\/wp\/v2\/pages\/804\/revisions\/832"}],"wp:attachment":[{"href":"https:\/\/taxi-paris-beauvais-aeroport.fr\/it\/wp-json\/wp\/v2\/media?parent=804"}],"curies":[{"name":"wp","href":"https:\/\/api.w.org\/{rel}","templated":true}]}}