{"id":27,"date":"2021-04-15T15:11:28","date_gmt":"2021-04-15T15:11:28","guid":{"rendered":"https:\/\/taxi-paris-beauvais-aeroport.fr\/?page_id=27"},"modified":"2021-04-15T15:11:29","modified_gmt":"2021-04-15T15:11:29","slug":"politique-de-confidentialite","status":"publish","type":"page","link":"https:\/\/taxi-paris-beauvais-aeroport.fr\/en\/politique-de-confidentialite","title":{"rendered":"Privacy policy"},"content":{"rendered":"<h2 class=\"wp-block-heading\">Who are we?<\/h2>\n\n\n\n<p>Our website address is https:\/\/taxi-paris-beauvais-aeroport.fr.<\/p>\n\n\n\n<h2 class=\"wp-block-heading\">Comments<\/h2>\n\n\n\n<p>When you leave a comment on our site, the data entered in the comment form, your IP address and your browser's user agent are collected to help us detect undesirable comments.<\/p>\n\n\n\n<p>An anonymised string created from your e-mail address (also known as a hash) may be sent to the Gravatar service to check whether you are using it. The Gravatar service's confidentiality clauses are available here: https:\/\/automattic.com\/privacy\/. Once your comment has been validated, your profile photo will be publicly visible alongside your comment.<\/p>\n\n\n\n<h2 class=\"wp-block-heading\">Media<\/h2>\n\n\n\n<p>If you upload images to the site, we advise you to avoid uploading images containing EXIF data of GPS coordinates. People visiting your site may download and extract location data from these images.<\/p>\n\n\n\n<h2 class=\"wp-block-heading\">Cookies<\/h2>\n\n\n\n<p>If you leave a comment on our site, you will be asked to save your name, e-mail address and site in cookies. This is purely for your convenience, so that you do not have to enter this information if you leave another comment at a later date. These cookies expire after one year.<\/p>\n\n\n\n<p>If you go to the login page, a temporary cookie will be created to determine whether your browser accepts cookies. It does not contain any personal data and will be deleted automatically when you close your browser.<\/p>\n\n\n\n<p>When you log on, we will set a number of cookies to record your login information and screen preferences. The lifetime of a connection cookie is two days, that of a screen option cookie is one year. If you tick \"Remember me\", your connection cookie will be kept for a fortnight. If you log out of your account, the login cookie will be deleted.<\/p>\n\n\n\n<p>By modifying or publishing a publication, an additional cookie will be stored in your browser. This cookie does not contain any personal data. It simply indicates the ID of the publication you have just modified. It expires after one day.<\/p>\n\n\n\n<h2 class=\"wp-block-heading\">Embedded content from other sites<\/h2>\n\n\n\n<p>Articles on this site may include embedded content (e.g. videos, images, articles, etc.). Embedded content from other sites behaves in the same way as if the visitor were visiting that other site.<\/p>\n\n\n\n<p>These websites may collect data about you, use cookies, embed third-party tracking tools and track your interactions with this embedded content if you have an account connected to their website.<\/p>\n\n\n\n<h2 class=\"wp-block-heading\">Use and transmission of your personal data<\/h2>\n\n\n\n<p>If you request a password reset, your IP address will be included in the reset e-mail.<\/p>\n\n\n\n<h2 class=\"wp-block-heading\">Storage periods for your data<\/h2>\n\n\n\n<p>If you leave a comment, the comment and its metadata are kept indefinitely. This allows subsequent comments to be automatically recognised and approved instead of being left in the moderation queue.<\/p>\n\n\n\n<p>For accounts that register on our site (where applicable), we also store the personal data indicated in their profile. All accounts can view, modify or delete their personal information at any time (with the exception of their user ID). Site managers can also view and modify this information.<\/p>\n\n\n\n<h2 class=\"wp-block-heading\">The rights you have over your data<\/h2>\n\n\n\n<p>If you have an account or if you have left comments on the site, you may request to receive a file containing all the personal data we hold about you, including that which you have provided to us. You may also request the deletion of your personal data. This does not include data stored for administrative, legal or security purposes.<\/p>\n\n\n\n<h2 class=\"wp-block-heading\">Transmission of your personal data<\/h2>\n\n\n\n<p>Visitor comments can be checked using an automated service to detect undesirable comments.<\/p>","protected":false},"excerpt":{"rendered":"<p>Qui sommes-nous&nbsp;? L\u2019adresse de notre site est\u00a0: https:\/\/taxi-paris-beauvais-aeroport.fr. Commentaires Quand vous laissez un commentaire sur notre site, les donn\u00e9es inscrites dans le formulaire de commentaire, mais aussi votre adresse IP et l\u2019agent utilisateur de votre navigateur sont collect\u00e9s pour nous aider \u00e0 la d\u00e9tection des commentaires ind\u00e9sirables. Une cha\u00eene anonymis\u00e9e cr\u00e9\u00e9e \u00e0 partir de votre [&hellip;]<\/p>\n","protected":false},"author":1,"featured_media":0,"parent":0,"menu_order":0,"comment_status":"closed","ping_status":"closed","template":"","meta":{"footnotes":""},"class_list":["post-27","page","type-page","status-publish","hentry"],"yoast_head":"<!-- This site is optimized with the Yoast SEO plugin v27.3 - https:\/\/yoast.com\/product\/yoast-seo-wordpress\/ -->\n<title>Politique de confidentialit\u00e9 - Taxi Beauvais Paris<\/title>\n<meta name=\"robots\" content=\"index, follow, max-snippet:-1, max-image-preview:large, max-video-preview:-1\" \/>\n<link rel=\"canonical\" href=\"https:\/\/taxi-paris-beauvais-aeroport.fr\/en\/politique-de-confidentialite\" \/>\n<meta property=\"og:locale\" content=\"en_GB\" \/>\n<meta property=\"og:type\" content=\"article\" \/>\n<meta property=\"og:title\" content=\"Politique de confidentialit\u00e9 - Taxi Beauvais Paris\" \/>\n<meta property=\"og:description\" content=\"Qui sommes-nous&nbsp;? L\u2019adresse de notre site est\u00a0: https:\/\/taxi-paris-beauvais-aeroport.fr. Commentaires Quand vous laissez un commentaire sur notre site, les donn\u00e9es inscrites dans le formulaire de commentaire, mais aussi votre adresse IP et l\u2019agent utilisateur de votre navigateur sont collect\u00e9s pour nous aider \u00e0 la d\u00e9tection des commentaires ind\u00e9sirables. Une cha\u00eene anonymis\u00e9e cr\u00e9\u00e9e \u00e0 partir de votre [&hellip;]\" \/>\n<meta property=\"og:url\" content=\"https:\/\/taxi-paris-beauvais-aeroport.fr\/en\/politique-de-confidentialite\" \/>\n<meta property=\"og:site_name\" content=\"Taxi Beauvais Paris\" \/>\n<meta property=\"article:modified_time\" content=\"2021-04-15T15:11:29+00:00\" \/>\n<meta name=\"twitter:card\" content=\"summary_large_image\" \/>\n<meta name=\"twitter:label1\" content=\"Estimated reading time\" \/>\n\t<meta name=\"twitter:data1\" content=\"4 minutes\" \/>\n<script type=\"application\/ld+json\" class=\"yoast-schema-graph\">{\"@context\":\"https:\\\/\\\/schema.org\",\"@graph\":[{\"@type\":\"WebPage\",\"@id\":\"https:\\\/\\\/taxi-paris-beauvais-aeroport.fr\\\/politique-de-confidentialite\",\"url\":\"https:\\\/\\\/taxi-paris-beauvais-aeroport.fr\\\/politique-de-confidentialite\",\"name\":\"Politique de confidentialit\u00e9 - Taxi Beauvais Paris\",\"isPartOf\":{\"@id\":\"https:\\\/\\\/taxi-paris-beauvais-aeroport.fr\\\/#website\"},\"datePublished\":\"2021-04-15T15:11:28+00:00\",\"dateModified\":\"2021-04-15T15:11:29+00:00\",\"breadcrumb\":{\"@id\":\"https:\\\/\\\/taxi-paris-beauvais-aeroport.fr\\\/politique-de-confidentialite#breadcrumb\"},\"inLanguage\":\"en-GB\",\"potentialAction\":[{\"@type\":\"ReadAction\",\"target\":[\"https:\\\/\\\/taxi-paris-beauvais-aeroport.fr\\\/politique-de-confidentialite\"]}]},{\"@type\":\"BreadcrumbList\",\"@id\":\"https:\\\/\\\/taxi-paris-beauvais-aeroport.fr\\\/politique-de-confidentialite#breadcrumb\",\"itemListElement\":[{\"@type\":\"ListItem\",\"position\":1,\"name\":\"Accueil\",\"item\":\"https:\\\/\\\/taxi-paris-beauvais-aeroport.fr\\\/\"},{\"@type\":\"ListItem\",\"position\":2,\"name\":\"Politique de confidentialit\u00e9\"}]},{\"@type\":\"WebSite\",\"@id\":\"https:\\\/\\\/taxi-paris-beauvais-aeroport.fr\\\/#website\",\"url\":\"https:\\\/\\\/taxi-paris-beauvais-aeroport.fr\\\/\",\"name\":\"Taxi Beauvais Paris\",\"description\":\"R\u00e9server un trajet en taxi\",\"publisher\":{\"@id\":\"https:\\\/\\\/taxi-paris-beauvais-aeroport.fr\\\/#organization\"},\"potentialAction\":[{\"@type\":\"SearchAction\",\"target\":{\"@type\":\"EntryPoint\",\"urlTemplate\":\"https:\\\/\\\/taxi-paris-beauvais-aeroport.fr\\\/?s={search_term_string}\"},\"query-input\":{\"@type\":\"PropertyValueSpecification\",\"valueRequired\":true,\"valueName\":\"search_term_string\"}}],\"inLanguage\":\"en-GB\"},{\"@type\":\"Organization\",\"@id\":\"https:\\\/\\\/taxi-paris-beauvais-aeroport.fr\\\/#organization\",\"name\":\"Taxi Beauvais Paris\",\"url\":\"https:\\\/\\\/taxi-paris-beauvais-aeroport.fr\\\/\",\"logo\":{\"@type\":\"ImageObject\",\"inLanguage\":\"en-GB\",\"@id\":\"https:\\\/\\\/taxi-paris-beauvais-aeroport.fr\\\/#\\\/schema\\\/logo\\\/image\\\/\",\"url\":\"https:\\\/\\\/taxi-paris-beauvais-aeroport.fr\\\/wp-content\\\/uploads\\\/2022\\\/02\\\/cropped-Logo-taxi-2.png\",\"contentUrl\":\"https:\\\/\\\/taxi-paris-beauvais-aeroport.fr\\\/wp-content\\\/uploads\\\/2022\\\/02\\\/cropped-Logo-taxi-2.png\",\"width\":325,\"height\":106,\"caption\":\"Taxi Beauvais Paris\"},\"image\":{\"@id\":\"https:\\\/\\\/taxi-paris-beauvais-aeroport.fr\\\/#\\\/schema\\\/logo\\\/image\\\/\"}}]}<\/script>\n<!-- \/ Yoast SEO plugin. -->","yoast_head_json":{"title":"Privacy policy - Taxi Beauvais Paris","robots":{"index":"index","follow":"follow","max-snippet":"max-snippet:-1","max-image-preview":"max-image-preview:large","max-video-preview":"max-video-preview:-1"},"canonical":"https:\/\/taxi-paris-beauvais-aeroport.fr\/en\/politique-de-confidentialite","og_locale":"en_GB","og_type":"article","og_title":"Politique de confidentialit\u00e9 - Taxi Beauvais Paris","og_description":"Qui sommes-nous&nbsp;? L\u2019adresse de notre site est\u00a0: https:\/\/taxi-paris-beauvais-aeroport.fr. Commentaires Quand vous laissez un commentaire sur notre site, les donn\u00e9es inscrites dans le formulaire de commentaire, mais aussi votre adresse IP et l\u2019agent utilisateur de votre navigateur sont collect\u00e9s pour nous aider \u00e0 la d\u00e9tection des commentaires ind\u00e9sirables. Une cha\u00eene anonymis\u00e9e cr\u00e9\u00e9e \u00e0 partir de votre [&hellip;]","og_url":"https:\/\/taxi-paris-beauvais-aeroport.fr\/en\/politique-de-confidentialite","og_site_name":"Taxi Beauvais Paris","article_modified_time":"2021-04-15T15:11:29+00:00","twitter_card":"summary_large_image","twitter_misc":{"Estimated reading time":"4 minutes"},"schema":{"@context":"https:\/\/schema.org","@graph":[{"@type":"WebPage","@id":"https:\/\/taxi-paris-beauvais-aeroport.fr\/politique-de-confidentialite","url":"https:\/\/taxi-paris-beauvais-aeroport.fr\/politique-de-confidentialite","name":"Privacy policy - Taxi Beauvais Paris","isPartOf":{"@id":"https:\/\/taxi-paris-beauvais-aeroport.fr\/#website"},"datePublished":"2021-04-15T15:11:28+00:00","dateModified":"2021-04-15T15:11:29+00:00","breadcrumb":{"@id":"https:\/\/taxi-paris-beauvais-aeroport.fr\/politique-de-confidentialite#breadcrumb"},"inLanguage":"en-GB","potentialAction":[{"@type":"ReadAction","target":["https:\/\/taxi-paris-beauvais-aeroport.fr\/politique-de-confidentialite"]}]},{"@type":"BreadcrumbList","@id":"https:\/\/taxi-paris-beauvais-aeroport.fr\/politique-de-confidentialite#breadcrumb","itemListElement":[{"@type":"ListItem","position":1,"name":"Accueil","item":"https:\/\/taxi-paris-beauvais-aeroport.fr\/"},{"@type":"ListItem","position":2,"name":"Politique de confidentialit\u00e9"}]},{"@type":"WebSite","@id":"https:\/\/taxi-paris-beauvais-aeroport.fr\/#website","url":"https:\/\/taxi-paris-beauvais-aeroport.fr\/","name":"Taxi Beauvais Paris","description":"Book a taxi","publisher":{"@id":"https:\/\/taxi-paris-beauvais-aeroport.fr\/#organization"},"potentialAction":[{"@type":"SearchAction","target":{"@type":"EntryPoint","urlTemplate":"https:\/\/taxi-paris-beauvais-aeroport.fr\/?s={search_term_string}"},"query-input":{"@type":"PropertyValueSpecification","valueRequired":true,"valueName":"search_term_string"}}],"inLanguage":"en-GB"},{"@type":"Organization","@id":"https:\/\/taxi-paris-beauvais-aeroport.fr\/#organization","name":"Taxi Beauvais Paris","url":"https:\/\/taxi-paris-beauvais-aeroport.fr\/","logo":{"@type":"ImageObject","inLanguage":"en-GB","@id":"https:\/\/taxi-paris-beauvais-aeroport.fr\/#\/schema\/logo\/image\/","url":"https:\/\/taxi-paris-beauvais-aeroport.fr\/wp-content\/uploads\/2022\/02\/cropped-Logo-taxi-2.png","contentUrl":"https:\/\/taxi-paris-beauvais-aeroport.fr\/wp-content\/uploads\/2022\/02\/cropped-Logo-taxi-2.png","width":325,"height":106,"caption":"Taxi Beauvais Paris"},"image":{"@id":"https:\/\/taxi-paris-beauvais-aeroport.fr\/#\/schema\/logo\/image\/"}}]}},"_links":{"self":[{"href":"https:\/\/taxi-paris-beauvais-aeroport.fr\/en\/wp-json\/wp\/v2\/pages\/27","targetHints":{"allow":["GET"]}}],"collection":[{"href":"https:\/\/taxi-paris-beauvais-aeroport.fr\/en\/wp-json\/wp\/v2\/pages"}],"about":[{"href":"https:\/\/taxi-paris-beauvais-aeroport.fr\/en\/wp-json\/wp\/v2\/types\/page"}],"author":[{"embeddable":true,"href":"https:\/\/taxi-paris-beauvais-aeroport.fr\/en\/wp-json\/wp\/v2\/users\/1"}],"replies":[{"embeddable":true,"href":"https:\/\/taxi-paris-beauvais-aeroport.fr\/en\/wp-json\/wp\/v2\/comments?post=27"}],"version-history":[{"count":1,"href":"https:\/\/taxi-paris-beauvais-aeroport.fr\/en\/wp-json\/wp\/v2\/pages\/27\/revisions"}],"predecessor-version":[{"id":28,"href":"https:\/\/taxi-paris-beauvais-aeroport.fr\/en\/wp-json\/wp\/v2\/pages\/27\/revisions\/28"}],"wp:attachment":[{"href":"https:\/\/taxi-paris-beauvais-aeroport.fr\/en\/wp-json\/wp\/v2\/media?parent=27"}],"curies":[{"name":"wp","href":"https:\/\/api.w.org\/{rel}","templated":true}]}}